{"id":1000,"date":"2023-10-20T17:04:38","date_gmt":"2023-10-20T15:04:38","guid":{"rendered":"https:\/\/chloelebette.fr\/?page_id=1000"},"modified":"2023-10-20T17:29:28","modified_gmt":"2023-10-20T15:29:28","slug":"mentions-legales","status":"publish","type":"page","link":"https:\/\/chloelebette.fr\/index.php\/mentions-legales\/","title":{"rendered":"Mentions l\u00e9gales"},"content":{"rendered":"<div class=\"wpb-content-wrapper\"><p>[vc_row][vc_column][vc_column_text]<strong>\u00c9diteur du site<\/strong><br \/>\nCe site internet accessible \u00e0 l&#8217;adresse www.chloelebette.fr est \u00e9dit\u00e9 par Chlo\u00e9 Lebette (EI), ayant son si\u00e8ge social \u00e0 IMP SOUS CHAVANNE, 74270 Chilly, France, repr\u00e9sent\u00e9e par Chlo\u00e9 Lebette.<\/p>\n<p><strong>H\u00e9bergement<\/strong><br \/>\nLe serveur et le nom de domaine sont h\u00e9berg\u00e9s par OVH, SAS au capital de 10.174.560,00 \u20ac, immatricul\u00e9e au Registre du Commerce et des Soci\u00e9t\u00e9s de Lille M\u00e9tropole sous le num\u00e9ro 424 761 419 00045, ayant son si\u00e8ge social 2, rue Kellermann, 59100 Roubaix Cedex, repr\u00e9sent\u00e9e par Octave KLABA. Le site est h\u00e9berg\u00e9 sur une machine virtuelle en service sur une partition chiffr\u00e9e du serveur d\u00e9di\u00e9 que nous louons \u00e0 OVH.<\/p>\n<p><strong>Propri\u00e9t\u00e9 intellectuelle<\/strong><br \/>\nL\u2019ensemble des \u00e9l\u00e9ments constitutifs de ce site (textes, photos, images, mise en page, graphisme, etc.) sont la propri\u00e9t\u00e9 exclusive de son \u00e9diteur et font l\u2019objet d\u2019une protection l\u00e9gale inscrite au Code de la propri\u00e9t\u00e9 intellectuelle. Toute copie, modification, diffusion, reproduction, sous quelque forme que ce soit, de tout ou partie du contenu de ce site sans l\u2019autorisation expresse pr\u00e9alable et \u00e9crite de Chlo\u00e9 Lebette est interdite.<br \/>\nToute personne violant ces dispositions est passible des sanctions p\u00e9nales pr\u00e9vues par la loi.<\/p>\n<p><strong>Directeur de la publication<\/strong><br \/>\nLe directeur de la publication du site internet est Chlo\u00e9 Lebette.[\/vc_column_text][\/vc_column][\/vc_row]<\/p>\n<\/div>","protected":false},"excerpt":{"rendered":"<p>[vc_row][vc_column][vc_column_text]\u00c9diteur du site Ce site internet accessible \u00e0 l&#8217;adresse www.chloelebette.fr est \u00e9dit\u00e9 par Chlo\u00e9 Lebette (EI), ayant son si\u00e8ge social \u00e0 IMP SOUS CHAVANNE, 74270 Chilly, France, repr\u00e9sent\u00e9e par Chlo\u00e9 Lebette. H\u00e9bergement Le serveur et le nom de domaine sont h\u00e9berg\u00e9s par OVH, SAS au capital de 10.174.560,00 \u20ac, immatricul\u00e9e au Registre du Commerce et [&hellip;]<\/p>\n","protected":false},"author":2,"featured_media":0,"parent":0,"menu_order":0,"comment_status":"closed","ping_status":"closed","template":"","meta":{"_acf_changed":false,"footnotes":""},"class_list":["post-1000","page","type-page","status-publish","hentry"],"acf":[],"yoast_head":"<!-- This site is optimized with the Yoast SEO plugin v27.4 - https:\/\/yoast.com\/product\/yoast-seo-wordpress\/ -->\n<title>Mentions l\u00e9gales - Chloe Lebette<\/title>\n<meta name=\"robots\" content=\"index, follow, max-snippet:-1, max-image-preview:large, max-video-preview:-1\" \/>\n<link rel=\"canonical\" href=\"https:\/\/chloelebette.fr\/index.php\/mentions-legales\/\" \/>\n<meta property=\"og:locale\" content=\"fr_FR\" \/>\n<meta property=\"og:type\" content=\"article\" \/>\n<meta property=\"og:title\" content=\"Mentions l\u00e9gales - Chloe Lebette\" \/>\n<meta property=\"og:description\" content=\"[vc_row][vc_column][vc_column_text]\u00c9diteur du site Ce site internet accessible \u00e0 l&#8217;adresse www.chloelebette.fr est \u00e9dit\u00e9 par Chlo\u00e9 Lebette (EI), ayant son si\u00e8ge social \u00e0 IMP SOUS CHAVANNE, 74270 Chilly, France, repr\u00e9sent\u00e9e par Chlo\u00e9 Lebette. H\u00e9bergement Le serveur et le nom de domaine sont h\u00e9berg\u00e9s par OVH, SAS au capital de 10.174.560,00 \u20ac, immatricul\u00e9e au Registre du Commerce et [&hellip;]\" \/>\n<meta property=\"og:url\" content=\"https:\/\/chloelebette.fr\/index.php\/mentions-legales\/\" \/>\n<meta property=\"og:site_name\" content=\"Chloe Lebette\" \/>\n<meta property=\"article:modified_time\" content=\"2023-10-20T15:29:28+00:00\" \/>\n<meta name=\"twitter:card\" content=\"summary_large_image\" \/>\n<meta name=\"twitter:label1\" content=\"Dur\u00e9e de lecture estim\u00e9e\" \/>\n\t<meta name=\"twitter:data1\" content=\"2 minutes\" \/>\n<script type=\"application\/ld+json\" class=\"yoast-schema-graph\">{\"@context\":\"https:\\\/\\\/schema.org\",\"@graph\":[{\"@type\":\"WebPage\",\"@id\":\"https:\\\/\\\/chloelebette.fr\\\/index.php\\\/mentions-legales\\\/\",\"url\":\"https:\\\/\\\/chloelebette.fr\\\/index.php\\\/mentions-legales\\\/\",\"name\":\"Mentions l\u00e9gales - Chloe Lebette\",\"isPartOf\":{\"@id\":\"https:\\\/\\\/chloelebette.fr\\\/#website\"},\"datePublished\":\"2023-10-20T15:04:38+00:00\",\"dateModified\":\"2023-10-20T15:29:28+00:00\",\"breadcrumb\":{\"@id\":\"https:\\\/\\\/chloelebette.fr\\\/index.php\\\/mentions-legales\\\/#breadcrumb\"},\"inLanguage\":\"fr-FR\",\"potentialAction\":[{\"@type\":\"ReadAction\",\"target\":[\"https:\\\/\\\/chloelebette.fr\\\/index.php\\\/mentions-legales\\\/\"]}]},{\"@type\":\"BreadcrumbList\",\"@id\":\"https:\\\/\\\/chloelebette.fr\\\/index.php\\\/mentions-legales\\\/#breadcrumb\",\"itemListElement\":[{\"@type\":\"ListItem\",\"position\":1,\"name\":\"Accueil\",\"item\":\"https:\\\/\\\/chloelebette.fr\\\/\"},{\"@type\":\"ListItem\",\"position\":2,\"name\":\"Mentions l\u00e9gales\"}]},{\"@type\":\"WebSite\",\"@id\":\"https:\\\/\\\/chloelebette.fr\\\/#website\",\"url\":\"https:\\\/\\\/chloelebette.fr\\\/\",\"name\":\"Chloe Lebette\",\"description\":\"\",\"publisher\":{\"@id\":\"https:\\\/\\\/chloelebette.fr\\\/#\\\/schema\\\/person\\\/8d1aadbfcf22dba78588dac70d4d56af\"},\"potentialAction\":[{\"@type\":\"SearchAction\",\"target\":{\"@type\":\"EntryPoint\",\"urlTemplate\":\"https:\\\/\\\/chloelebette.fr\\\/?s={search_term_string}\"},\"query-input\":{\"@type\":\"PropertyValueSpecification\",\"valueRequired\":true,\"valueName\":\"search_term_string\"}}],\"inLanguage\":\"fr-FR\"},{\"@type\":[\"Person\",\"Organization\"],\"@id\":\"https:\\\/\\\/chloelebette.fr\\\/#\\\/schema\\\/person\\\/8d1aadbfcf22dba78588dac70d4d56af\",\"name\":\"chloelebette\",\"image\":{\"@type\":\"ImageObject\",\"inLanguage\":\"fr-FR\",\"@id\":\"https:\\\/\\\/secure.gravatar.com\\\/avatar\\\/e9e9cf5b9f59632bc7ebda65b8c254e7ed3d97da98257ec67b2e059a4fb0ca11?s=96&d=mm&r=g\",\"url\":\"https:\\\/\\\/secure.gravatar.com\\\/avatar\\\/e9e9cf5b9f59632bc7ebda65b8c254e7ed3d97da98257ec67b2e059a4fb0ca11?s=96&d=mm&r=g\",\"contentUrl\":\"https:\\\/\\\/secure.gravatar.com\\\/avatar\\\/e9e9cf5b9f59632bc7ebda65b8c254e7ed3d97da98257ec67b2e059a4fb0ca11?s=96&d=mm&r=g\",\"caption\":\"chloelebette\"},\"logo\":{\"@id\":\"https:\\\/\\\/secure.gravatar.com\\\/avatar\\\/e9e9cf5b9f59632bc7ebda65b8c254e7ed3d97da98257ec67b2e059a4fb0ca11?s=96&d=mm&r=g\"}}]}<\/script>\n<!-- \/ Yoast SEO plugin. -->","yoast_head_json":{"title":"Mentions l\u00e9gales - Chloe Lebette","robots":{"index":"index","follow":"follow","max-snippet":"max-snippet:-1","max-image-preview":"max-image-preview:large","max-video-preview":"max-video-preview:-1"},"canonical":"https:\/\/chloelebette.fr\/index.php\/mentions-legales\/","og_locale":"fr_FR","og_type":"article","og_title":"Mentions l\u00e9gales - Chloe Lebette","og_description":"[vc_row][vc_column][vc_column_text]\u00c9diteur du site Ce site internet accessible \u00e0 l&#8217;adresse www.chloelebette.fr est \u00e9dit\u00e9 par Chlo\u00e9 Lebette (EI), ayant son si\u00e8ge social \u00e0 IMP SOUS CHAVANNE, 74270 Chilly, France, repr\u00e9sent\u00e9e par Chlo\u00e9 Lebette. H\u00e9bergement Le serveur et le nom de domaine sont h\u00e9berg\u00e9s par OVH, SAS au capital de 10.174.560,00 \u20ac, immatricul\u00e9e au Registre du Commerce et [&hellip;]","og_url":"https:\/\/chloelebette.fr\/index.php\/mentions-legales\/","og_site_name":"Chloe Lebette","article_modified_time":"2023-10-20T15:29:28+00:00","twitter_card":"summary_large_image","twitter_misc":{"Dur\u00e9e de lecture estim\u00e9e":"2 minutes"},"schema":{"@context":"https:\/\/schema.org","@graph":[{"@type":"WebPage","@id":"https:\/\/chloelebette.fr\/index.php\/mentions-legales\/","url":"https:\/\/chloelebette.fr\/index.php\/mentions-legales\/","name":"Mentions l\u00e9gales - Chloe Lebette","isPartOf":{"@id":"https:\/\/chloelebette.fr\/#website"},"datePublished":"2023-10-20T15:04:38+00:00","dateModified":"2023-10-20T15:29:28+00:00","breadcrumb":{"@id":"https:\/\/chloelebette.fr\/index.php\/mentions-legales\/#breadcrumb"},"inLanguage":"fr-FR","potentialAction":[{"@type":"ReadAction","target":["https:\/\/chloelebette.fr\/index.php\/mentions-legales\/"]}]},{"@type":"BreadcrumbList","@id":"https:\/\/chloelebette.fr\/index.php\/mentions-legales\/#breadcrumb","itemListElement":[{"@type":"ListItem","position":1,"name":"Accueil","item":"https:\/\/chloelebette.fr\/"},{"@type":"ListItem","position":2,"name":"Mentions l\u00e9gales"}]},{"@type":"WebSite","@id":"https:\/\/chloelebette.fr\/#website","url":"https:\/\/chloelebette.fr\/","name":"Chloe Lebette","description":"","publisher":{"@id":"https:\/\/chloelebette.fr\/#\/schema\/person\/8d1aadbfcf22dba78588dac70d4d56af"},"potentialAction":[{"@type":"SearchAction","target":{"@type":"EntryPoint","urlTemplate":"https:\/\/chloelebette.fr\/?s={search_term_string}"},"query-input":{"@type":"PropertyValueSpecification","valueRequired":true,"valueName":"search_term_string"}}],"inLanguage":"fr-FR"},{"@type":["Person","Organization"],"@id":"https:\/\/chloelebette.fr\/#\/schema\/person\/8d1aadbfcf22dba78588dac70d4d56af","name":"chloelebette","image":{"@type":"ImageObject","inLanguage":"fr-FR","@id":"https:\/\/secure.gravatar.com\/avatar\/e9e9cf5b9f59632bc7ebda65b8c254e7ed3d97da98257ec67b2e059a4fb0ca11?s=96&d=mm&r=g","url":"https:\/\/secure.gravatar.com\/avatar\/e9e9cf5b9f59632bc7ebda65b8c254e7ed3d97da98257ec67b2e059a4fb0ca11?s=96&d=mm&r=g","contentUrl":"https:\/\/secure.gravatar.com\/avatar\/e9e9cf5b9f59632bc7ebda65b8c254e7ed3d97da98257ec67b2e059a4fb0ca11?s=96&d=mm&r=g","caption":"chloelebette"},"logo":{"@id":"https:\/\/secure.gravatar.com\/avatar\/e9e9cf5b9f59632bc7ebda65b8c254e7ed3d97da98257ec67b2e059a4fb0ca11?s=96&d=mm&r=g"}}]}},"_links":{"self":[{"href":"https:\/\/chloelebette.fr\/index.php\/wp-json\/wp\/v2\/pages\/1000","targetHints":{"allow":["GET"]}}],"collection":[{"href":"https:\/\/chloelebette.fr\/index.php\/wp-json\/wp\/v2\/pages"}],"about":[{"href":"https:\/\/chloelebette.fr\/index.php\/wp-json\/wp\/v2\/types\/page"}],"author":[{"embeddable":true,"href":"https:\/\/chloelebette.fr\/index.php\/wp-json\/wp\/v2\/users\/2"}],"replies":[{"embeddable":true,"href":"https:\/\/chloelebette.fr\/index.php\/wp-json\/wp\/v2\/comments?post=1000"}],"version-history":[{"count":4,"href":"https:\/\/chloelebette.fr\/index.php\/wp-json\/wp\/v2\/pages\/1000\/revisions"}],"predecessor-version":[{"id":1004,"href":"https:\/\/chloelebette.fr\/index.php\/wp-json\/wp\/v2\/pages\/1000\/revisions\/1004"}],"wp:attachment":[{"href":"https:\/\/chloelebette.fr\/index.php\/wp-json\/wp\/v2\/media?parent=1000"}],"curies":[{"name":"wp","href":"https:\/\/api.w.org\/{rel}","templated":true}]}}