{"id":1005,"date":"2023-10-20T17:24:35","date_gmt":"2023-10-20T15:24:35","guid":{"rendered":"https:\/\/chloelebette.fr\/?page_id=1005"},"modified":"2023-10-20T17:33:33","modified_gmt":"2023-10-20T15:33:33","slug":"politique-de-confidentialite","status":"publish","type":"page","link":"https:\/\/chloelebette.fr\/index.php\/politique-de-confidentialite\/","title":{"rendered":"Politique de confidentialit\u00e9"},"content":{"rendered":"<div class=\"wpb-content-wrapper\"><p>[vc_row][vc_column][vc_column_text]Chlo\u00e9 Lebette (EI) est susceptible de recueillir des donn\u00e9es personnelles vous concernant dans le cadre de l\u2019utilisation du site Internet www.chloelebette.fr, et les traite selon les modalit\u00e9s d\u00e9crites ci-dessous :[\/vc_column_text]<div class=\"pt-special-heading pt-special-heading-69e0f5874bbf1 tac h-uppercase decor-line-on-bottom\"><h4 class=\"heading\">Collecte des donn\u00e9es personnelles<\/h4><\/div>[vc_column_text]<strong>Formulaire de contact :<\/strong><br \/>\nLes donn\u00e9es personnelles vous concernant recueillies par l\u2019interm\u00e9diaire du formulaire de contact font l\u2019objet d\u2019un traitement informatique par Chlo\u00e9 Lebette, destin\u00e9 \u00e0 la gestion de votre demande et \u00e0 la constitution d\u2019un fichier de contacts. Les donn\u00e9es collect\u00e9es sont : l&#8217;adresse email (pour r\u00e9pondre). La base l\u00e9gale du traitement est l\u2019int\u00e9r\u00eat l\u00e9gitime de Chlo\u00e9 Lebette de r\u00e9pondre aux demandes formul\u00e9es via le formulaire de contact, dans le cadre de ses activit\u00e9s professionnelles. Le traitement ne comporte pas de prise de d\u00e9cision automatis\u00e9e. En communiquant vos donn\u00e9es par l\u2019interm\u00e9diaire de ce formulaire, vous donnez votre consentement \u00e0 ce traitement. Vous avez le droit de retirer ce consentement \u00e0 tout moment.<br \/>\nLes donn\u00e9es identifi\u00e9es par un ast\u00e9risque sont obligatoires. A d\u00e9faut de communication de ces donn\u00e9es vous ne pourrez utiliser le formulaire de contact.<\/p>\n<p><strong>Inscription aux listes d&#8217;information :<br \/>\n<\/strong>Les donn\u00e9es personnelles vous concernant recueillies par l\u2019interm\u00e9diaire du formulaire d&#8217;inscription aux listes de diffusion font l\u2019objet d\u2019un traitement informatique par Chlo\u00e9 Lebette, destin\u00e9 \u00e0 la gestion de votre demande d&#8217;informations et \u00e0 la constitution d\u2019un fichier de contacts. Les donn\u00e9es collect\u00e9es sont : l&#8217;adresse email (pour envoyer les emails d&#8217;information demand\u00e9s). La base l\u00e9gale du traitement est l\u2019int\u00e9r\u00eat l\u00e9gitime de Chlo\u00e9 Lebette de r\u00e9pondre \u00e0 votre demande d&#8217;informations formul\u00e9e via le formulaire de demande d&#8217;inscription. En communiquant vos donn\u00e9es par l\u2019interm\u00e9diaire de ce formulaire, vous donnez votre consentement \u00e0 ce traitement. Vous avez le droit de retirer ce consentement \u00e0 tout moment, via le formulaire, ou via le lien de d\u00e9sincription pr\u00e9sent sur tous les mails diffus\u00e9s.<br \/>\nLes donn\u00e9es identifi\u00e9es par un ast\u00e9risque sont obligatoires. A d\u00e9faut de communication de ces donn\u00e9es vous ne pourrez utiliser le formulaire de contact.[\/vc_column_text]<div class=\"pt-special-heading pt-special-heading-69e0f5874bd74 tac h-uppercase decor-line-on-bottom\"><h4 class=\"heading\">Traitement des donn\u00e9es personnelles<\/h4><\/div>[vc_column_text]<strong>Responsable du traitement :<\/strong><br \/>\nLe responsable du traitement de ces donn\u00e9es est Chlo\u00e9 Lebette dont les coordonn\u00e9es compl\u00e8tes figurent dans les mentions l\u00e9gales.<\/p>\n<p><strong>Destinataires :<\/strong><br \/>\nLe destinataires des donn\u00e9es est Chlo\u00e9 Lebette, en charge de la r\u00e9ception des demandes de contact et les prestataires techniques en charge de l\u2019h\u00e9bergement du site Internet, de la messagerie \u00e9lectronique et de la sauvegarde. Vos donn\u00e9es ne sont pas transf\u00e9r\u00e9es en dehors de l\u2019Union europ\u00e9enne.<\/p>\n<p><strong>Conservation et archivage :<\/strong><br \/>\nVos donn\u00e9es personnelles sont conserv\u00e9es pendant une dur\u00e9e maximale de 3 ans apr\u00e8s notre dernier contact afin de vous recontacter \u00e9ventuellement; ou pendant une dur\u00e9e maximale de 10 ans \u00e0 compter de la fin de notre mission dans le cadre de la relation contractuelle.<\/p>\n<p><strong>Exercice de vos droits :<br \/>\n<\/strong>Vous disposez des droits suivants sur les donn\u00e9es personnelles que vous avez communiqu\u00e9es \u00e0 Chlo\u00e9 Lebette, dans les conditions pr\u00e9vues par la r\u00e9glementation en vigueur :<br \/>\n&#8211; un droit d\u2019acc\u00e8s et de rectification ;<br \/>\n&#8211; un droit \u00e0 l\u2019effacement ;<br \/>\n&#8211; un droit de limitation et d&#8217;opposition au traitement ;<br \/>\n&#8211; le droit de d\u00e9finir des directives relatives au sort de ses donn\u00e9es \u00e0 caract\u00e8re personnel apr\u00e8s sa mort ;<br \/>\n&#8211; un droit \u00e0 la portabilit\u00e9 de ces donn\u00e9es ;<br \/>\n&#8211; le droit d\u2019introduire une r\u00e9clamation aupr\u00e8s de l&#8217;autorit\u00e9 comp\u00e9tente (la CNIL en France).<\/p>\n<p>Pour toute information ou exercice de vos droits Informatique et Libert\u00e9s sur les traitements de donn\u00e9es personnelles g\u00e9r\u00e9s par Chlo\u00e9 Lebette, vous pouvez \u00e9crire \u00e0 contact@chloelebette.fr ou via le formulaire de contact.[\/vc_column_text][\/vc_column][\/vc_row]<\/p>\n<\/div>","protected":false},"excerpt":{"rendered":"<p>[vc_row][vc_column][vc_column_text]Chlo\u00e9 Lebette (EI) est susceptible de recueillir des donn\u00e9es personnelles vous concernant dans le cadre de l\u2019utilisation du site Internet www.chloelebette.fr, et les traite selon les modalit\u00e9s d\u00e9crites ci-dessous :[\/vc_column_text][vc_column_text]Formulaire de contact : Les donn\u00e9es personnelles vous concernant recueillies par l\u2019interm\u00e9diaire du formulaire de contact font l\u2019objet d\u2019un traitement informatique par Chlo\u00e9 Lebette, destin\u00e9 \u00e0 [&hellip;]<\/p>\n","protected":false},"author":2,"featured_media":0,"parent":0,"menu_order":0,"comment_status":"closed","ping_status":"closed","template":"","meta":{"_acf_changed":false,"footnotes":""},"class_list":["post-1005","page","type-page","status-publish","hentry"],"acf":[],"yoast_head":"<!-- This site is optimized with the Yoast SEO plugin v27.4 - https:\/\/yoast.com\/product\/yoast-seo-wordpress\/ -->\n<title>Politique de confidentialit\u00e9 - Chloe Lebette<\/title>\n<meta name=\"robots\" content=\"index, follow, max-snippet:-1, max-image-preview:large, max-video-preview:-1\" \/>\n<link rel=\"canonical\" href=\"https:\/\/chloelebette.fr\/index.php\/politique-de-confidentialite\/\" \/>\n<meta property=\"og:locale\" content=\"fr_FR\" \/>\n<meta property=\"og:type\" content=\"article\" \/>\n<meta property=\"og:title\" content=\"Politique de confidentialit\u00e9 - Chloe Lebette\" \/>\n<meta property=\"og:description\" content=\"[vc_row][vc_column][vc_column_text]Chlo\u00e9 Lebette (EI) est susceptible de recueillir des donn\u00e9es personnelles vous concernant dans le cadre de l\u2019utilisation du site Internet www.chloelebette.fr, et les traite selon les modalit\u00e9s d\u00e9crites ci-dessous :[\/vc_column_text][vc_column_text]Formulaire de contact : Les donn\u00e9es personnelles vous concernant recueillies par l\u2019interm\u00e9diaire du formulaire de contact font l\u2019objet d\u2019un traitement informatique par Chlo\u00e9 Lebette, destin\u00e9 \u00e0 [&hellip;]\" \/>\n<meta property=\"og:url\" content=\"https:\/\/chloelebette.fr\/index.php\/politique-de-confidentialite\/\" \/>\n<meta property=\"og:site_name\" content=\"Chloe Lebette\" \/>\n<meta property=\"article:modified_time\" content=\"2023-10-20T15:33:33+00:00\" \/>\n<meta name=\"twitter:card\" content=\"summary_large_image\" \/>\n<meta name=\"twitter:label1\" content=\"Dur\u00e9e de lecture estim\u00e9e\" \/>\n\t<meta name=\"twitter:data1\" content=\"3 minutes\" \/>\n<script type=\"application\/ld+json\" class=\"yoast-schema-graph\">{\"@context\":\"https:\\\/\\\/schema.org\",\"@graph\":[{\"@type\":\"WebPage\",\"@id\":\"https:\\\/\\\/chloelebette.fr\\\/index.php\\\/politique-de-confidentialite\\\/\",\"url\":\"https:\\\/\\\/chloelebette.fr\\\/index.php\\\/politique-de-confidentialite\\\/\",\"name\":\"Politique de confidentialit\u00e9 - Chloe Lebette\",\"isPartOf\":{\"@id\":\"https:\\\/\\\/chloelebette.fr\\\/#website\"},\"datePublished\":\"2023-10-20T15:24:35+00:00\",\"dateModified\":\"2023-10-20T15:33:33+00:00\",\"breadcrumb\":{\"@id\":\"https:\\\/\\\/chloelebette.fr\\\/index.php\\\/politique-de-confidentialite\\\/#breadcrumb\"},\"inLanguage\":\"fr-FR\",\"potentialAction\":[{\"@type\":\"ReadAction\",\"target\":[\"https:\\\/\\\/chloelebette.fr\\\/index.php\\\/politique-de-confidentialite\\\/\"]}]},{\"@type\":\"BreadcrumbList\",\"@id\":\"https:\\\/\\\/chloelebette.fr\\\/index.php\\\/politique-de-confidentialite\\\/#breadcrumb\",\"itemListElement\":[{\"@type\":\"ListItem\",\"position\":1,\"name\":\"Accueil\",\"item\":\"https:\\\/\\\/chloelebette.fr\\\/\"},{\"@type\":\"ListItem\",\"position\":2,\"name\":\"Politique de confidentialit\u00e9\"}]},{\"@type\":\"WebSite\",\"@id\":\"https:\\\/\\\/chloelebette.fr\\\/#website\",\"url\":\"https:\\\/\\\/chloelebette.fr\\\/\",\"name\":\"Chloe Lebette\",\"description\":\"\",\"publisher\":{\"@id\":\"https:\\\/\\\/chloelebette.fr\\\/#\\\/schema\\\/person\\\/8d1aadbfcf22dba78588dac70d4d56af\"},\"potentialAction\":[{\"@type\":\"SearchAction\",\"target\":{\"@type\":\"EntryPoint\",\"urlTemplate\":\"https:\\\/\\\/chloelebette.fr\\\/?s={search_term_string}\"},\"query-input\":{\"@type\":\"PropertyValueSpecification\",\"valueRequired\":true,\"valueName\":\"search_term_string\"}}],\"inLanguage\":\"fr-FR\"},{\"@type\":[\"Person\",\"Organization\"],\"@id\":\"https:\\\/\\\/chloelebette.fr\\\/#\\\/schema\\\/person\\\/8d1aadbfcf22dba78588dac70d4d56af\",\"name\":\"chloelebette\",\"image\":{\"@type\":\"ImageObject\",\"inLanguage\":\"fr-FR\",\"@id\":\"https:\\\/\\\/secure.gravatar.com\\\/avatar\\\/e9e9cf5b9f59632bc7ebda65b8c254e7ed3d97da98257ec67b2e059a4fb0ca11?s=96&d=mm&r=g\",\"url\":\"https:\\\/\\\/secure.gravatar.com\\\/avatar\\\/e9e9cf5b9f59632bc7ebda65b8c254e7ed3d97da98257ec67b2e059a4fb0ca11?s=96&d=mm&r=g\",\"contentUrl\":\"https:\\\/\\\/secure.gravatar.com\\\/avatar\\\/e9e9cf5b9f59632bc7ebda65b8c254e7ed3d97da98257ec67b2e059a4fb0ca11?s=96&d=mm&r=g\",\"caption\":\"chloelebette\"},\"logo\":{\"@id\":\"https:\\\/\\\/secure.gravatar.com\\\/avatar\\\/e9e9cf5b9f59632bc7ebda65b8c254e7ed3d97da98257ec67b2e059a4fb0ca11?s=96&d=mm&r=g\"}}]}<\/script>\n<!-- \/ Yoast SEO plugin. -->","yoast_head_json":{"title":"Politique de confidentialit\u00e9 - Chloe Lebette","robots":{"index":"index","follow":"follow","max-snippet":"max-snippet:-1","max-image-preview":"max-image-preview:large","max-video-preview":"max-video-preview:-1"},"canonical":"https:\/\/chloelebette.fr\/index.php\/politique-de-confidentialite\/","og_locale":"fr_FR","og_type":"article","og_title":"Politique de confidentialit\u00e9 - Chloe Lebette","og_description":"[vc_row][vc_column][vc_column_text]Chlo\u00e9 Lebette (EI) est susceptible de recueillir des donn\u00e9es personnelles vous concernant dans le cadre de l\u2019utilisation du site Internet www.chloelebette.fr, et les traite selon les modalit\u00e9s d\u00e9crites ci-dessous :[\/vc_column_text][vc_column_text]Formulaire de contact : Les donn\u00e9es personnelles vous concernant recueillies par l\u2019interm\u00e9diaire du formulaire de contact font l\u2019objet d\u2019un traitement informatique par Chlo\u00e9 Lebette, destin\u00e9 \u00e0 [&hellip;]","og_url":"https:\/\/chloelebette.fr\/index.php\/politique-de-confidentialite\/","og_site_name":"Chloe Lebette","article_modified_time":"2023-10-20T15:33:33+00:00","twitter_card":"summary_large_image","twitter_misc":{"Dur\u00e9e de lecture estim\u00e9e":"3 minutes"},"schema":{"@context":"https:\/\/schema.org","@graph":[{"@type":"WebPage","@id":"https:\/\/chloelebette.fr\/index.php\/politique-de-confidentialite\/","url":"https:\/\/chloelebette.fr\/index.php\/politique-de-confidentialite\/","name":"Politique de confidentialit\u00e9 - Chloe Lebette","isPartOf":{"@id":"https:\/\/chloelebette.fr\/#website"},"datePublished":"2023-10-20T15:24:35+00:00","dateModified":"2023-10-20T15:33:33+00:00","breadcrumb":{"@id":"https:\/\/chloelebette.fr\/index.php\/politique-de-confidentialite\/#breadcrumb"},"inLanguage":"fr-FR","potentialAction":[{"@type":"ReadAction","target":["https:\/\/chloelebette.fr\/index.php\/politique-de-confidentialite\/"]}]},{"@type":"BreadcrumbList","@id":"https:\/\/chloelebette.fr\/index.php\/politique-de-confidentialite\/#breadcrumb","itemListElement":[{"@type":"ListItem","position":1,"name":"Accueil","item":"https:\/\/chloelebette.fr\/"},{"@type":"ListItem","position":2,"name":"Politique de confidentialit\u00e9"}]},{"@type":"WebSite","@id":"https:\/\/chloelebette.fr\/#website","url":"https:\/\/chloelebette.fr\/","name":"Chloe Lebette","description":"","publisher":{"@id":"https:\/\/chloelebette.fr\/#\/schema\/person\/8d1aadbfcf22dba78588dac70d4d56af"},"potentialAction":[{"@type":"SearchAction","target":{"@type":"EntryPoint","urlTemplate":"https:\/\/chloelebette.fr\/?s={search_term_string}"},"query-input":{"@type":"PropertyValueSpecification","valueRequired":true,"valueName":"search_term_string"}}],"inLanguage":"fr-FR"},{"@type":["Person","Organization"],"@id":"https:\/\/chloelebette.fr\/#\/schema\/person\/8d1aadbfcf22dba78588dac70d4d56af","name":"chloelebette","image":{"@type":"ImageObject","inLanguage":"fr-FR","@id":"https:\/\/secure.gravatar.com\/avatar\/e9e9cf5b9f59632bc7ebda65b8c254e7ed3d97da98257ec67b2e059a4fb0ca11?s=96&d=mm&r=g","url":"https:\/\/secure.gravatar.com\/avatar\/e9e9cf5b9f59632bc7ebda65b8c254e7ed3d97da98257ec67b2e059a4fb0ca11?s=96&d=mm&r=g","contentUrl":"https:\/\/secure.gravatar.com\/avatar\/e9e9cf5b9f59632bc7ebda65b8c254e7ed3d97da98257ec67b2e059a4fb0ca11?s=96&d=mm&r=g","caption":"chloelebette"},"logo":{"@id":"https:\/\/secure.gravatar.com\/avatar\/e9e9cf5b9f59632bc7ebda65b8c254e7ed3d97da98257ec67b2e059a4fb0ca11?s=96&d=mm&r=g"}}]}},"_links":{"self":[{"href":"https:\/\/chloelebette.fr\/index.php\/wp-json\/wp\/v2\/pages\/1005","targetHints":{"allow":["GET"]}}],"collection":[{"href":"https:\/\/chloelebette.fr\/index.php\/wp-json\/wp\/v2\/pages"}],"about":[{"href":"https:\/\/chloelebette.fr\/index.php\/wp-json\/wp\/v2\/types\/page"}],"author":[{"embeddable":true,"href":"https:\/\/chloelebette.fr\/index.php\/wp-json\/wp\/v2\/users\/2"}],"replies":[{"embeddable":true,"href":"https:\/\/chloelebette.fr\/index.php\/wp-json\/wp\/v2\/comments?post=1005"}],"version-history":[{"count":4,"href":"https:\/\/chloelebette.fr\/index.php\/wp-json\/wp\/v2\/pages\/1005\/revisions"}],"predecessor-version":[{"id":1011,"href":"https:\/\/chloelebette.fr\/index.php\/wp-json\/wp\/v2\/pages\/1005\/revisions\/1011"}],"wp:attachment":[{"href":"https:\/\/chloelebette.fr\/index.php\/wp-json\/wp\/v2\/media?parent=1005"}],"curies":[{"name":"wp","href":"https:\/\/api.w.org\/{rel}","templated":true}]}}