{"id":307,"date":"2023-05-26T22:13:39","date_gmt":"2023-05-26T20:13:39","guid":{"rendered":"https:\/\/promo-theme.com\/spool\/?page_id=307"},"modified":"2025-03-28T10:05:40","modified_gmt":"2025-03-28T09:05:40","slug":"about","status":"publish","type":"page","link":"https:\/\/chloelebette.fr\/index.php\/about\/","title":{"rendered":"\u00c0 propos"},"content":{"rendered":"<div class=\"wpb-content-wrapper\"><p>[vc_row full_height=&#8221;yes&#8221; css=&#8221;.vc_custom_1541940817222{padding-top: 90px !important;}&#8221;][vc_column][vc_row_inner equal_height=&#8221;yes&#8221; content_placement=&#8221;middle&#8221; gap=&#8221;35&#8243;][vc_column_inner width=&#8221;1\/2&#8243; offset=&#8221;vc_col-md-7&#8243;]<div class=\"pt-special-heading pt-special-heading-5bc396f08b431 tal  vc_custom_1685131602334\"><h6 class=\"sub-heading\">\u00c0 propos<\/h6><h3 class=\"heading\">Chlo\u00e9 Lebette, vid\u00e9aste ind\u00e9pendante bas\u00e9e en Haute-Savoie<\/h3><\/div>[vc_column_text]Apr\u00e8s un Master en Montage et Postproduction, je me suis sp\u00e9cialis\u00e9e en tant que vid\u00e9aste, cadreuse et monteuse, mettant ainsi ma passion pour les images au service de la cr\u00e9ativit\u00e9. Explorez mon site pour d\u00e9couvrir mon portfolio et n&#8217;h\u00e9sitez pas \u00e0 me contacter pour discuter de votre prochain projet.<\/p>\n<p>Bienvenue dans mon univers visuel ![\/vc_column_text]<div class=\"icon-box row icon-box-69e0e2a78827e style1\"><div class=\"icon-box-item icon-box-item-69e0e2a788399 style1 col-xs-12 col-sm-12 col-md-6 col-lg-6\"><div class=\"wrap\"><div class=\"icon filled-cinema-video-camera-1\"><\/div><div class=\"content\"><h5 class=\"h\">Production<\/h5><div class=\"desc\">R\u00e9alisation, prise de vue, \u00e9clairage, prise de son : interviews, B-Roll, pour contenus de tout type (documentaire, r\u00e9seaux sociaux, institutionnel... ).<\/div><\/div><a href=\"#\" target=\"_self\"><\/a><\/div><\/div><div class=\"icon-box-item icon-box-item-69e0e2a788587 style1 col-xs-12 col-sm-12 col-md-6 col-lg-6\"><div class=\"wrap\"><div class=\"icon fas fa-desktop\"><\/div><div class=\"content\"><h5 class=\"h\">Postproduction<\/h5><div class=\"desc\">Montage vid\u00e9o et son, motion design, \u00e9talonnage, transcription et sous-titrage.<\/div><\/div><a href=\"#\" target=\"_self\"><\/a><\/div><\/div><\/div>[\/vc_column_inner][\/vc_row_inner][\/vc_column][\/vc_row]<\/p>\n<\/div>","protected":false},"excerpt":{"rendered":"<p>[vc_row full_height=&#8221;yes&#8221; css=&#8221;.vc_custom_1541940817222{padding-top: 90px !important;}&#8221;][vc_column][vc_row_inner equal_height=&#8221;yes&#8221; content_placement=&#8221;middle&#8221; gap=&#8221;35&#8243;][vc_column_inner width=&#8221;1\/2&#8243; offset=&#8221;vc_col-md-7&#8243;][vc_column_text]Apr\u00e8s un Master en Montage et Postproduction, je me suis sp\u00e9cialis\u00e9e en tant que vid\u00e9aste, cadreuse et monteuse, mettant ainsi ma passion pour les images au service de la cr\u00e9ativit\u00e9. Explorez mon site pour d\u00e9couvrir mon portfolio et n&#8217;h\u00e9sitez pas \u00e0 me contacter pour discuter de [&hellip;]<\/p>\n","protected":false},"author":2,"featured_media":0,"parent":0,"menu_order":0,"comment_status":"closed","ping_status":"closed","template":"template-landing.php","meta":{"_acf_changed":false,"footnotes":""},"class_list":["post-307","page","type-page","status-publish","hentry"],"acf":[],"yoast_head":"<!-- This site is optimized with the Yoast SEO plugin v27.4 - https:\/\/yoast.com\/product\/yoast-seo-wordpress\/ -->\n<title>\u00c0 propos - Chloe Lebette<\/title>\n<meta name=\"description\" content=\"Cadreuse monteuse ind\u00e9pendante bas\u00e9e en Haute-Savoie\" \/>\n<meta name=\"robots\" content=\"index, follow, max-snippet:-1, max-image-preview:large, max-video-preview:-1\" \/>\n<link rel=\"canonical\" href=\"https:\/\/chloelebette.fr\/index.php\/about\/\" \/>\n<meta property=\"og:locale\" content=\"fr_FR\" \/>\n<meta property=\"og:type\" content=\"article\" \/>\n<meta property=\"og:title\" content=\"\u00c0 propos - Chloe Lebette\" \/>\n<meta property=\"og:description\" content=\"Cadreuse monteuse ind\u00e9pendante bas\u00e9e en Haute-Savoie\" \/>\n<meta property=\"og:url\" content=\"https:\/\/chloelebette.fr\/index.php\/about\/\" \/>\n<meta property=\"og:site_name\" content=\"Chloe Lebette\" \/>\n<meta property=\"article:modified_time\" content=\"2025-03-28T09:05:40+00:00\" \/>\n<meta name=\"twitter:card\" content=\"summary_large_image\" \/>\n<meta name=\"twitter:label1\" content=\"Dur\u00e9e de lecture estim\u00e9e\" \/>\n\t<meta name=\"twitter:data1\" content=\"1 minute\" \/>\n<script type=\"application\/ld+json\" class=\"yoast-schema-graph\">{\"@context\":\"https:\\\/\\\/schema.org\",\"@graph\":[{\"@type\":\"WebPage\",\"@id\":\"https:\\\/\\\/chloelebette.fr\\\/index.php\\\/about\\\/\",\"url\":\"https:\\\/\\\/chloelebette.fr\\\/index.php\\\/about\\\/\",\"name\":\"\u00c0 propos - Chloe Lebette\",\"isPartOf\":{\"@id\":\"https:\\\/\\\/chloelebette.fr\\\/#website\"},\"datePublished\":\"2023-05-26T20:13:39+00:00\",\"dateModified\":\"2025-03-28T09:05:40+00:00\",\"description\":\"Cadreuse monteuse ind\u00e9pendante bas\u00e9e en Haute-Savoie\",\"breadcrumb\":{\"@id\":\"https:\\\/\\\/chloelebette.fr\\\/index.php\\\/about\\\/#breadcrumb\"},\"inLanguage\":\"fr-FR\",\"potentialAction\":[{\"@type\":\"ReadAction\",\"target\":[\"https:\\\/\\\/chloelebette.fr\\\/index.php\\\/about\\\/\"]}]},{\"@type\":\"BreadcrumbList\",\"@id\":\"https:\\\/\\\/chloelebette.fr\\\/index.php\\\/about\\\/#breadcrumb\",\"itemListElement\":[{\"@type\":\"ListItem\",\"position\":1,\"name\":\"Accueil\",\"item\":\"https:\\\/\\\/chloelebette.fr\\\/\"},{\"@type\":\"ListItem\",\"position\":2,\"name\":\"\u00c0 propos\"}]},{\"@type\":\"WebSite\",\"@id\":\"https:\\\/\\\/chloelebette.fr\\\/#website\",\"url\":\"https:\\\/\\\/chloelebette.fr\\\/\",\"name\":\"Chloe Lebette\",\"description\":\"\",\"publisher\":{\"@id\":\"https:\\\/\\\/chloelebette.fr\\\/#\\\/schema\\\/person\\\/8d1aadbfcf22dba78588dac70d4d56af\"},\"potentialAction\":[{\"@type\":\"SearchAction\",\"target\":{\"@type\":\"EntryPoint\",\"urlTemplate\":\"https:\\\/\\\/chloelebette.fr\\\/?s={search_term_string}\"},\"query-input\":{\"@type\":\"PropertyValueSpecification\",\"valueRequired\":true,\"valueName\":\"search_term_string\"}}],\"inLanguage\":\"fr-FR\"},{\"@type\":[\"Person\",\"Organization\"],\"@id\":\"https:\\\/\\\/chloelebette.fr\\\/#\\\/schema\\\/person\\\/8d1aadbfcf22dba78588dac70d4d56af\",\"name\":\"chloelebette\",\"image\":{\"@type\":\"ImageObject\",\"inLanguage\":\"fr-FR\",\"@id\":\"https:\\\/\\\/secure.gravatar.com\\\/avatar\\\/e9e9cf5b9f59632bc7ebda65b8c254e7ed3d97da98257ec67b2e059a4fb0ca11?s=96&d=mm&r=g\",\"url\":\"https:\\\/\\\/secure.gravatar.com\\\/avatar\\\/e9e9cf5b9f59632bc7ebda65b8c254e7ed3d97da98257ec67b2e059a4fb0ca11?s=96&d=mm&r=g\",\"contentUrl\":\"https:\\\/\\\/secure.gravatar.com\\\/avatar\\\/e9e9cf5b9f59632bc7ebda65b8c254e7ed3d97da98257ec67b2e059a4fb0ca11?s=96&d=mm&r=g\",\"caption\":\"chloelebette\"},\"logo\":{\"@id\":\"https:\\\/\\\/secure.gravatar.com\\\/avatar\\\/e9e9cf5b9f59632bc7ebda65b8c254e7ed3d97da98257ec67b2e059a4fb0ca11?s=96&d=mm&r=g\"}}]}<\/script>\n<!-- \/ Yoast SEO plugin. -->","yoast_head_json":{"title":"\u00c0 propos - Chloe Lebette","description":"Cadreuse monteuse ind\u00e9pendante bas\u00e9e en Haute-Savoie","robots":{"index":"index","follow":"follow","max-snippet":"max-snippet:-1","max-image-preview":"max-image-preview:large","max-video-preview":"max-video-preview:-1"},"canonical":"https:\/\/chloelebette.fr\/index.php\/about\/","og_locale":"fr_FR","og_type":"article","og_title":"\u00c0 propos - Chloe Lebette","og_description":"Cadreuse monteuse ind\u00e9pendante bas\u00e9e en Haute-Savoie","og_url":"https:\/\/chloelebette.fr\/index.php\/about\/","og_site_name":"Chloe Lebette","article_modified_time":"2025-03-28T09:05:40+00:00","twitter_card":"summary_large_image","twitter_misc":{"Dur\u00e9e de lecture estim\u00e9e":"1 minute"},"schema":{"@context":"https:\/\/schema.org","@graph":[{"@type":"WebPage","@id":"https:\/\/chloelebette.fr\/index.php\/about\/","url":"https:\/\/chloelebette.fr\/index.php\/about\/","name":"\u00c0 propos - Chloe Lebette","isPartOf":{"@id":"https:\/\/chloelebette.fr\/#website"},"datePublished":"2023-05-26T20:13:39+00:00","dateModified":"2025-03-28T09:05:40+00:00","description":"Cadreuse monteuse ind\u00e9pendante bas\u00e9e en Haute-Savoie","breadcrumb":{"@id":"https:\/\/chloelebette.fr\/index.php\/about\/#breadcrumb"},"inLanguage":"fr-FR","potentialAction":[{"@type":"ReadAction","target":["https:\/\/chloelebette.fr\/index.php\/about\/"]}]},{"@type":"BreadcrumbList","@id":"https:\/\/chloelebette.fr\/index.php\/about\/#breadcrumb","itemListElement":[{"@type":"ListItem","position":1,"name":"Accueil","item":"https:\/\/chloelebette.fr\/"},{"@type":"ListItem","position":2,"name":"\u00c0 propos"}]},{"@type":"WebSite","@id":"https:\/\/chloelebette.fr\/#website","url":"https:\/\/chloelebette.fr\/","name":"Chloe Lebette","description":"","publisher":{"@id":"https:\/\/chloelebette.fr\/#\/schema\/person\/8d1aadbfcf22dba78588dac70d4d56af"},"potentialAction":[{"@type":"SearchAction","target":{"@type":"EntryPoint","urlTemplate":"https:\/\/chloelebette.fr\/?s={search_term_string}"},"query-input":{"@type":"PropertyValueSpecification","valueRequired":true,"valueName":"search_term_string"}}],"inLanguage":"fr-FR"},{"@type":["Person","Organization"],"@id":"https:\/\/chloelebette.fr\/#\/schema\/person\/8d1aadbfcf22dba78588dac70d4d56af","name":"chloelebette","image":{"@type":"ImageObject","inLanguage":"fr-FR","@id":"https:\/\/secure.gravatar.com\/avatar\/e9e9cf5b9f59632bc7ebda65b8c254e7ed3d97da98257ec67b2e059a4fb0ca11?s=96&d=mm&r=g","url":"https:\/\/secure.gravatar.com\/avatar\/e9e9cf5b9f59632bc7ebda65b8c254e7ed3d97da98257ec67b2e059a4fb0ca11?s=96&d=mm&r=g","contentUrl":"https:\/\/secure.gravatar.com\/avatar\/e9e9cf5b9f59632bc7ebda65b8c254e7ed3d97da98257ec67b2e059a4fb0ca11?s=96&d=mm&r=g","caption":"chloelebette"},"logo":{"@id":"https:\/\/secure.gravatar.com\/avatar\/e9e9cf5b9f59632bc7ebda65b8c254e7ed3d97da98257ec67b2e059a4fb0ca11?s=96&d=mm&r=g"}}]}},"_links":{"self":[{"href":"https:\/\/chloelebette.fr\/index.php\/wp-json\/wp\/v2\/pages\/307","targetHints":{"allow":["GET"]}}],"collection":[{"href":"https:\/\/chloelebette.fr\/index.php\/wp-json\/wp\/v2\/pages"}],"about":[{"href":"https:\/\/chloelebette.fr\/index.php\/wp-json\/wp\/v2\/types\/page"}],"author":[{"embeddable":true,"href":"https:\/\/chloelebette.fr\/index.php\/wp-json\/wp\/v2\/users\/2"}],"replies":[{"embeddable":true,"href":"https:\/\/chloelebette.fr\/index.php\/wp-json\/wp\/v2\/comments?post=307"}],"version-history":[{"count":5,"href":"https:\/\/chloelebette.fr\/index.php\/wp-json\/wp\/v2\/pages\/307\/revisions"}],"predecessor-version":[{"id":783,"href":"https:\/\/chloelebette.fr\/index.php\/wp-json\/wp\/v2\/pages\/307\/revisions\/783"}],"wp:attachment":[{"href":"https:\/\/chloelebette.fr\/index.php\/wp-json\/wp\/v2\/media?parent=307"}],"curies":[{"name":"wp","href":"https:\/\/api.w.org\/{rel}","templated":true}]}}